{"id":5269,"date":"2026-04-23T10:10:03","date_gmt":"2026-04-23T08:10:03","guid":{"rendered":"https:\/\/tropicaplanet.com\/?page_id=5269"},"modified":"2026-04-23T10:16:29","modified_gmt":"2026-04-23T08:16:29","slug":"plan-anual-de-accesibilidad-para-2026-de-tropicaplanet-com","status":"publish","type":"page","link":"https:\/\/tropicaplanet.com\/pt-pt\/plan-anual-de-accesibilidad-para-2026-de-tropicaplanet-com\/","title":{"rendered":"Plano anual de acessibilidade para 2026 do site tropicaplanet.com"},"content":{"rendered":"\n<p><strong>O artigo 47.\u00ba da Lei n.\u00ba 2005-102, de 11 de fevereiro de 2005, relativa \u00e0 igualdade de direitos e oportunidades, \u00e0 participa\u00e7\u00e3o e \u00e0 cidadania das pessoas, torna obrigat\u00f3rio que todos os servi\u00e7os de comunica\u00e7\u00e3o p\u00fablica em linha sejam acess\u00edveis a todos.<\/strong><\/p>\n\n\n\n<h2 class=\"wp-block-heading\"><strong><strong>Plano plurianual<\/strong><\/strong><\/h2>\n\n\n\n<p>A lei exige a publica\u00e7\u00e3o de um plano plurianual com a dura\u00e7\u00e3o de tr\u00eas anos, com o objetivo de informar o p\u00fablico sobre os meios e as a\u00e7\u00f5es implementados para tornar os sites e as aplica\u00e7\u00f5es acess\u00edveis a todos e, em particular, em conformidade com o RGAA (Referencial Geral para a Melhoria da Acessibilidade).<\/p>\n\n\n\n<p>O plano plurianual para a acessibilidade do site tropicaplanet.com foi publicado a 10 de fevereiro de 2026 e est\u00e1 dispon\u00edvel para consulta neste endere\u00e7o:Plano plurianual<\/p>\n\n\n\n<h2 class=\"wp-block-heading\"><strong><strong>Plano anual<\/strong><\/strong><\/h2>\n\n\n\n<p>O plano plurianual deve ser acompanhado de um plano de a\u00e7\u00e3o anual que detalhe as opera\u00e7\u00f5es programadas e implementadas para o ano em curso, bem como o estado de acompanhamento dessas a\u00e7\u00f5es.<\/p>\n\n\n\n<p>O presente documento constitui o plano anual de 2026 associado ao plano plurianual de 2026.<\/p>\n\n\n\n<p>Inclui um quadro recapitulativo das a\u00e7\u00f5es que foram ou ser\u00e3o implementadas em 2026, a respetiva data de conclus\u00e3o, caso seja conhecida, bem como o seu estado de avan\u00e7o e de realiza\u00e7\u00e3o.<\/p>\n\n\n\n<h2 class=\"wp-block-heading\"><strong><strong>Plano anual de 2026<\/strong><\/strong><\/h2>\n\n\n\n<h3 class=\"wp-block-heading\"><strong><strong>Opera\u00e7\u00f5es diversas<\/strong><\/strong><\/h3>\n\n\n\n<figure class=\"wp-block-table\"><table class=\"has-fixed-layout\"><tbody><tr><td class=\"has-text-align-center\" data-align=\"center\"><strong>Tipo<\/strong><\/td><td class=\"has-text-align-center\" data-align=\"center\"><strong>A\u00e7\u00e3o<\/strong><\/td><td class=\"has-text-align-center\" data-align=\"center\"><strong>Detalhes<\/strong><\/td><td class=\"has-text-align-center\" data-align=\"center\"><strong>Implementa\u00e7\u00e3o<\/strong><\/td><td class=\"has-text-align-center\" data-align=\"center\"><strong>Realizado<\/strong><\/td><\/tr><tr><td class=\"has-text-align-center\" data-align=\"center\">Auditorias<\/td><td class=\"has-text-align-center\" data-align=\"center\">Auditoria e publica\u00e7\u00e3o da declara\u00e7\u00e3o de acessibilidade<\/td><td class=\"has-text-align-center\" data-align=\"center\">Auditoria do site tropicaplanet.com<\/td><td class=\"has-text-align-center\" data-align=\"center\">Mar\u00e7o de 2026<\/td><td class=\"has-text-align-center\" data-align=\"center\">Realizado<\/td><\/tr><tr><td class=\"has-text-align-center\" data-align=\"center\">Plano plurianual<\/td><td class=\"has-text-align-center\" data-align=\"center\">Implementa\u00e7\u00e3o<\/td><td class=\"has-text-align-center\" data-align=\"center\">Estudo e implementa\u00e7\u00e3o<\/td><td class=\"has-text-align-center\" data-align=\"center\">Mar\u00e7o de 2026<\/td><td class=\"has-text-align-center\" data-align=\"center\">Realizado<\/td><\/tr><tr><td class=\"has-text-align-center\" data-align=\"center\">Plano anual<\/td><td class=\"has-text-align-center\" data-align=\"center\">Implementa\u00e7\u00e3o<\/td><td class=\"has-text-align-center\" data-align=\"center\">Estudo e implementa\u00e7\u00e3o<\/td><td class=\"has-text-align-center\" data-align=\"center\">Mar\u00e7o de 2026<\/td><td class=\"has-text-align-center\" data-align=\"center\">Realizado<\/td><\/tr><tr><td class=\"has-text-align-center\" data-align=\"center\">Otimiza\u00e7\u00e3o<\/td><td class=\"has-text-align-center\" data-align=\"center\">Melhoria da acessibilidade<\/td><td class=\"has-text-align-center\" data-align=\"center\">Corre\u00e7\u00e3o dos pontos de n\u00e3o conformidade identificados pela auditoria<\/td><td class=\"has-text-align-center\" data-align=\"center\">Ao longo de 2026<\/td><td class=\"has-text-align-center\" data-align=\"center\">Em curso<\/td><\/tr><\/tbody><\/table><\/figure>\n\n\n\n<h3 class=\"wp-block-heading\"><strong><strong>Auditorias RGAA ou de conformidade RGAA<\/strong><\/strong><\/h3>\n\n\n\n<p>Trata-se de auditorias RGAA realizadas nas fases de corre\u00e7\u00e3o, conce\u00e7\u00e3o, acompanhamento ou certifica\u00e7\u00e3o:<\/p>\n\n\n\n<p>\u2022&nbsp;&nbsp;&nbsp; As auditorias RGAA s\u00e3o utilizadas nas fases de corre\u00e7\u00e3o e acompanhamento.<\/p>\n\n\n\n<p>\u2022&nbsp;&nbsp;&nbsp; As auditorias de conformidade RGAA s\u00e3o utilizadas nas fases de certifica\u00e7\u00e3o e resultam numa declara\u00e7\u00e3o de conformidade.<\/p>\n\n\n\n<h4 class=\"wp-block-heading\"><strong><strong>Sites da web<\/strong><\/strong><\/h4>\n\n\n\n<figure class=\"wp-block-table\"><table class=\"has-fixed-layout\"><tbody><tr><td class=\"has-text-align-center\" data-align=\"center\"><strong>Tipo<\/strong><\/td><td class=\"has-text-align-center\" data-align=\"center\"><strong>Site<\/strong><\/td><td class=\"has-text-align-center\" data-align=\"center\"><strong>URL<\/strong><\/td><td class=\"has-text-align-center\" data-align=\"center\"><strong>Implemen<\/strong>&#8211;<br><strong>ta\u00e7\u00e3o<\/strong><\/td><td class=\"has-text-align-center\" data-align=\"center\"><strong>Realizado<\/strong><\/td><td class=\"has-text-align-center\" data-align=\"center\"><strong>Auditoria p\u00fablica<\/strong><\/td><\/tr><tr><td class=\"has-text-align-center\" data-align=\"center\">Auditoria de conformidade<\/td><td class=\"has-text-align-center\" data-align=\"center\">tropicaplanet<br>.com<\/td><td class=\"has-text-align-center\" data-align=\"center\">tropicaplanet<br>.com<\/td><td class=\"has-text-align-center\" data-align=\"center\">2026<\/td><td class=\"has-text-align-center\" data-align=\"center\">Realizado<\/td><td class=\"has-text-align-center\" data-align=\"center\">Auditoria p\u00fablica<\/td><\/tr><\/tbody><\/table><\/figure>\n\n\n\n<p><\/p>\n","protected":false},"excerpt":{"rendered":"<p>O artigo 47.\u00ba da Lei n.\u00ba 2005-102, de 11 de fevereiro de 2005, relativa \u00e0 igualdade de direitos e oportunidades, \u00e0 participa\u00e7\u00e3o e \u00e0 cidadania das pessoas, torna obrigat\u00f3rio que todos os servi\u00e7os de comunica\u00e7\u00e3o p\u00fablica em linha sejam acess\u00edveis a todos. Plano plurianual A lei exige a publica\u00e7\u00e3o de um plano plurianual com a [&hellip;]<\/p>\n","protected":false},"author":3,"featured_media":0,"parent":0,"menu_order":0,"comment_status":"closed","ping_status":"closed","template":"","meta":{"_acf_changed":false,"footnotes":""},"class_list":["post-5269","page","type-page","status-publish","hentry"],"acf":[],"_links":{"self":[{"href":"https:\/\/tropicaplanet.com\/pt-pt\/wp-json\/wp\/v2\/pages\/5269","targetHints":{"allow":["GET"]}}],"collection":[{"href":"https:\/\/tropicaplanet.com\/pt-pt\/wp-json\/wp\/v2\/pages"}],"about":[{"href":"https:\/\/tropicaplanet.com\/pt-pt\/wp-json\/wp\/v2\/types\/page"}],"author":[{"embeddable":true,"href":"https:\/\/tropicaplanet.com\/pt-pt\/wp-json\/wp\/v2\/users\/3"}],"replies":[{"embeddable":true,"href":"https:\/\/tropicaplanet.com\/pt-pt\/wp-json\/wp\/v2\/comments?post=5269"}],"version-history":[{"count":3,"href":"https:\/\/tropicaplanet.com\/pt-pt\/wp-json\/wp\/v2\/pages\/5269\/revisions"}],"predecessor-version":[{"id":5287,"href":"https:\/\/tropicaplanet.com\/pt-pt\/wp-json\/wp\/v2\/pages\/5269\/revisions\/5287"}],"wp:attachment":[{"href":"https:\/\/tropicaplanet.com\/pt-pt\/wp-json\/wp\/v2\/media?parent=5269"}],"curies":[{"name":"wp","href":"https:\/\/api.w.org\/{rel}","templated":true}]}}