{"id":5260,"date":"2026-04-23T10:19:00","date_gmt":"2026-04-23T08:19:00","guid":{"rendered":"https:\/\/tropicaplanet.com\/?page_id=5260"},"modified":"2026-04-23T10:19:00","modified_gmt":"2026-04-23T08:19:00","slug":"declaracao-de-acessibilidade-do-site-tropicaplanet-com-ao-rgaa","status":"publish","type":"page","link":"https:\/\/tropicaplanet.com\/pt-pt\/declaracao-de-acessibilidade-do-site-tropicaplanet-com-ao-rgaa\/","title":{"rendered":"Declara\u00e7\u00e3o de acessibilidade do site tropicaplanet.com ao RGAA"},"content":{"rendered":"\n<p>A Jardinova SARL compromete-se a tornar o seu site acess\u00edvel, em conformidade com o artigo 47.\u00ba da Lei n.\u00ba 2005-102, de 11 de fevereiro de 2005.<\/p>\n\n\n\n<p>Para o efeito, implementa o seu plano plurianual e as seguintes a\u00e7\u00f5es para o ano de 2026.<\/p>\n\n\n\n<h2 class=\"wp-block-heading\"><strong>Estado de conformidade<\/strong><\/h2>\n\n\n\n<p>O site tropicaplanet.com est\u00e1 parcialmente em conformidade com o referencial geral de melhoria da acessibilidade (RGAA) vers\u00e3o 4.1. As n\u00e3o conformidades e as eventuais derroga\u00e7\u00f5es est\u00e3o enumeradas abaixo.<\/p>\n\n\n\n<h2 class=\"wp-block-heading\"><strong>Resultado dos testes<\/strong><\/h2>\n\n\n\n<p>A auditoria de conformidade realizada revela que: 65% dos crit\u00e9rios RGAA s\u00e3o cumpridos.<\/p>\n\n\n\n<h3 class=\"wp-block-heading\"><strong>Conte\u00fados inacess\u00edveis<\/strong><\/h3>\n\n\n\n<p>Os conte\u00fados listados abaixo n\u00e3o est\u00e3o acess\u00edveis pelos motivos a seguir.<\/p>\n\n\n\n<h3 class=\"wp-block-heading\"><strong>N\u00e3o conformidades<\/strong><\/h3>\n\n\n\n<p>Aqui est\u00e3o listadas apenas as n\u00e3o conformidades consideradas mais impactantes e presentes em grande quantidade nas p\u00e1ginas da amostra. Mediante solicita\u00e7\u00e3o, o resultado completo da auditoria pode ser disponibilizado.<\/p>\n\n\n\n<ul class=\"wp-block-list\">\n<li>Algumas imagens que cont\u00eam informa\u00e7\u00e3o sem alternativas ou que n\u00e3o s\u00e3o pertinentes;<\/li>\n<\/ul>\n\n\n\n<ul class=\"wp-block-list\">\n<li>Algumas imagens decorativas com alternativas indicadas;<\/li>\n<\/ul>\n\n\n\n<ul class=\"wp-block-list\">\n<li>Algumas legendas das imagens est\u00e3o incorretas;<\/li>\n<\/ul>\n\n\n\n<ul class=\"wp-block-list\">\n<li>Algumas molduras online t\u00eam um t\u00edtulo que n\u00e3o \u00e9 pertinente;<\/li>\n<\/ul>\n\n\n\n<ul class=\"wp-block-list\">\n<li>Alguns textos ou componentes da interface n\u00e3o apresentam um contraste suficiente em rela\u00e7\u00e3o ao fundo;<\/li>\n<\/ul>\n\n\n\n<ul class=\"wp-block-list\">\n<li>Alguns v\u00eddeos n\u00e3o disp\u00f5em de audiodescri\u00e7\u00e3o, transcri\u00e7\u00e3o textual ou legendas;<\/li>\n<\/ul>\n\n\n\n<ul class=\"wp-block-list\">\n<li>Algumas balizas s\u00e3o utilizadas apenas para fins de apresenta\u00e7\u00e3o;<\/li>\n<\/ul>\n\n\n\n<ul class=\"wp-block-list\">\n<li>Algumas listas n\u00e3o est\u00e3o corretamente estruturadas;<\/li>\n<\/ul>\n\n\n\n<ul class=\"wp-block-list\">\n<li>Alguns conte\u00fados n\u00e3o apresentam uma ordem coerente quando os estilos est\u00e3o desativados;<\/li>\n<\/ul>\n\n\n\n<ul class=\"wp-block-list\">\n<li>A sele\u00e7\u00e3o do foco apresenta, por vezes, falhas;<\/li>\n<\/ul>\n\n\n\n<ul class=\"wp-block-list\">\n<li>Alguns campos do formul\u00e1rio n\u00e3o t\u00eam r\u00f3tulos ou estes est\u00e3o mal formatados;<\/li>\n<\/ul>\n\n\n\n<ul class=\"wp-block-list\">\n<li>Alguns campos n\u00e3o est\u00e3o agrupados ou os agrupamentos n\u00e3o t\u00eam t\u00edtulo;<\/li>\n<\/ul>\n\n\n\n<ul class=\"wp-block-list\">\n<li>Os valores dos campos n\u00e3o s\u00e3o automaticamente deduzidos a partir dos dados do utilizador;<\/li>\n<\/ul>\n\n\n\n<ul class=\"wp-block-list\">\n<li>Algumas \u00e1reas de conte\u00fado n\u00e3o t\u00eam a fun\u00e7\u00e3o correta;<\/li>\n<\/ul>\n\n\n\n<ul class=\"wp-block-list\">\n<li>Algumas p\u00e1ginas n\u00e3o t\u00eam liga\u00e7\u00f5es de acesso r\u00e1pido;<\/li>\n<\/ul>\n\n\n\n<ul class=\"wp-block-list\">\n<li>A ordem de tabula\u00e7\u00e3o nem sempre \u00e9 pertinente;<\/li>\n<\/ul>\n\n\n\n<ul class=\"wp-block-list\">\n<li>Exce\u00e7\u00f5es para conte\u00fados de terceiros<\/li>\n<\/ul>\n\n\n\n<h2 class=\"wp-block-heading\"><strong>Ela\u00e7\u00e3o desta declara\u00e7\u00e3o de acessibilidade<\/strong><\/h2>\n\n\n\n<p>Esta declara\u00e7\u00e3o foi elaborada em 3 de mar\u00e7o de 2026.<\/p>\n\n\n\n<h2 class=\"wp-block-heading\"><strong>Tecnologias utilizadas na cria\u00e7\u00e3o do site<\/strong><\/h2>\n\n\n\n<ul class=\"wp-block-list\">\n<li>PHP<\/li>\n\n\n\n<li>HTML<\/li>\n\n\n\n<li>CSS<\/li>\n\n\n\n<li>Javascript<\/li>\n<\/ul>\n\n\n\n<h3 class=\"wp-block-heading\"><strong>Agentes de navega\u00e7\u00e3o, tecnologias de assist\u00eancia e ferramentas utilizadas para verificar a acessibilidade<\/strong><\/h3>\n\n\n\n<p>As verifica\u00e7\u00f5es da apresenta\u00e7\u00e3o do conte\u00fado foram realizadas com as seguintes configura\u00e7\u00f5es:<\/p>\n\n\n\n<p>\u2022&nbsp;&nbsp;&nbsp; Firefox e VoiceOver<\/p>\n\n\n\n<h3 class=\"wp-block-heading\"><strong>Foram utilizadas as seguintes ferramentas de verifica\u00e7\u00e3o de c\u00f3digo para verificar a conformidade com os testes do RGAA:<\/strong><\/h3>\n\n\n\n<ol class=\"wp-block-list\">\n<li>Extens\u00e3o \u00abWeb Developer\u00bb;<\/li>\n\n\n\n<li>Extens\u00e3o \u00abAssistant RGAA\u00bb;<\/li>\n\n\n\n<li>Extens\u00e3o \u00abWCAG Contrast checker\u00bb;<\/li>\n\n\n\n<li>Extens\u00e3o \u00abARC Toolkit\u00bb;<\/li>\n\n\n\n<li>Ferramentas para programadores integradas no navegador Firefox;<\/li>\n<\/ol>\n\n\n\n<p>P\u00e1ginas do site que foram submetidas \u00e0 verifica\u00e7\u00e3o de conformidade:<\/p>\n\n\n\n<ul class=\"wp-block-list\">\n<li> P\u00e1gina inicial<\/li>\n<\/ul>\n\n\n\n<ul class=\"wp-block-list\">\n<li>\u00a0P\u00e1gina do clube<\/li>\n<\/ul>\n\n\n\n<ul class=\"wp-block-list\">\n<li>Atividades<\/li>\n<\/ul>\n\n\n\n<ul class=\"wp-block-list\">\n<li>O nosso conceito<\/li>\n<\/ul>\n\n\n\n<ul class=\"wp-block-list\">\n<li>Programa de fidelidade<\/li>\n<\/ul>\n\n\n\n<p><\/p>\n","protected":false},"excerpt":{"rendered":"<p>A Jardinova SARL compromete-se a tornar o seu site acess\u00edvel, em conformidade com o artigo 47.\u00ba da Lei n.\u00ba 2005-102, de 11 de fevereiro de 2005. Para o efeito, implementa o seu plano plurianual e as seguintes a\u00e7\u00f5es para o ano de 2026. Estado de conformidade O site tropicaplanet.com est\u00e1 parcialmente em conformidade com o [&hellip;]<\/p>\n","protected":false},"author":3,"featured_media":0,"parent":0,"menu_order":0,"comment_status":"closed","ping_status":"closed","template":"","meta":{"_acf_changed":false,"footnotes":""},"class_list":["post-5260","page","type-page","status-publish","hentry"],"acf":[],"_links":{"self":[{"href":"https:\/\/tropicaplanet.com\/pt-pt\/wp-json\/wp\/v2\/pages\/5260","targetHints":{"allow":["GET"]}}],"collection":[{"href":"https:\/\/tropicaplanet.com\/pt-pt\/wp-json\/wp\/v2\/pages"}],"about":[{"href":"https:\/\/tropicaplanet.com\/pt-pt\/wp-json\/wp\/v2\/types\/page"}],"author":[{"embeddable":true,"href":"https:\/\/tropicaplanet.com\/pt-pt\/wp-json\/wp\/v2\/users\/3"}],"replies":[{"embeddable":true,"href":"https:\/\/tropicaplanet.com\/pt-pt\/wp-json\/wp\/v2\/comments?post=5260"}],"version-history":[{"count":3,"href":"https:\/\/tropicaplanet.com\/pt-pt\/wp-json\/wp\/v2\/pages\/5260\/revisions"}],"predecessor-version":[{"id":5289,"href":"https:\/\/tropicaplanet.com\/pt-pt\/wp-json\/wp\/v2\/pages\/5260\/revisions\/5289"}],"wp:attachment":[{"href":"https:\/\/tropicaplanet.com\/pt-pt\/wp-json\/wp\/v2\/media?parent=5260"}],"curies":[{"name":"wp","href":"https:\/\/api.w.org\/{rel}","templated":true}]}}