{"id":327,"date":"2020-09-09T11:41:29","date_gmt":"2020-09-09T09:41:29","guid":{"rendered":"http:\/\/zg5f9afewe.preview.infomaniak.website\/mentions-legales\/"},"modified":"2020-11-18T11:49:11","modified_gmt":"2020-11-18T10:49:11","slug":"mentions-legales","status":"publish","type":"page","link":"https:\/\/tropicaplanet.com\/pt-pt\/mentions-legales\/","title":{"rendered":"Notifica\u00e7\u00e3o jur\u00eddica"},"content":{"rendered":"","protected":false},"excerpt":{"rendered":"","protected":false},"author":1,"featured_media":0,"parent":0,"menu_order":5,"comment_status":"closed","ping_status":"closed","template":"template-mentions.php","meta":{"_acf_changed":false,"footnotes":""},"class_list":["post-327","page","type-page","status-publish","hentry"],"acf":[],"_links":{"self":[{"href":"https:\/\/tropicaplanet.com\/pt-pt\/wp-json\/wp\/v2\/pages\/327","targetHints":{"allow":["GET"]}}],"collection":[{"href":"https:\/\/tropicaplanet.com\/pt-pt\/wp-json\/wp\/v2\/pages"}],"about":[{"href":"https:\/\/tropicaplanet.com\/pt-pt\/wp-json\/wp\/v2\/types\/page"}],"author":[{"embeddable":true,"href":"https:\/\/tropicaplanet.com\/pt-pt\/wp-json\/wp\/v2\/users\/1"}],"replies":[{"embeddable":true,"href":"https:\/\/tropicaplanet.com\/pt-pt\/wp-json\/wp\/v2\/comments?post=327"}],"version-history":[{"count":2,"href":"https:\/\/tropicaplanet.com\/pt-pt\/wp-json\/wp\/v2\/pages\/327\/revisions"}],"predecessor-version":[{"id":439,"href":"https:\/\/tropicaplanet.com\/pt-pt\/wp-json\/wp\/v2\/pages\/327\/revisions\/439"}],"wp:attachment":[{"href":"https:\/\/tropicaplanet.com\/pt-pt\/wp-json\/wp\/v2\/media?parent=327"}],"curies":[{"name":"wp","href":"https:\/\/api.w.org\/{rel}","templated":true}]}}