{"id":5267,"date":"2026-04-23T10:10:05","date_gmt":"2026-04-23T08:10:05","guid":{"rendered":"https:\/\/tropicaplanet.com\/?page_id=5267"},"modified":"2026-04-23T10:10:05","modified_gmt":"2026-04-23T08:10:05","slug":"plan-anual-de-accesibilidad-para-2026-de-tropicaplanet-com","status":"publish","type":"page","link":"https:\/\/tropicaplanet.com\/es\/plan-anual-de-accesibilidad-para-2026-de-tropicaplanet-com\/","title":{"rendered":"Plan anual de accesibilidad para 2026 de tropicaplanet.com"},"content":{"rendered":"\n<p><strong>El art\u00edculo 47 de la Ley n.\u00ba 2005-102, de 11 de febrero de 2005, relativa a la igualdad de derechos y oportunidades, la participaci\u00f3n y la ciudadan\u00eda de las personas, obliga a todos los servicios de comunicaci\u00f3n p\u00fablica en l\u00ednea a ser accesibles para todos.<\/strong><\/p>\n\n\n\n<h2 class=\"wp-block-heading\"><strong>Plan plurianual<\/strong><\/h2>\n\n\n\n<p>La ley exige la publicaci\u00f3n de un plan plurianual de tres a\u00f1os de duraci\u00f3n con el objetivo de informar al p\u00fablico sobre los medios y las medidas adoptadas para que los sitios web y las aplicaciones sean accesibles para todos y, en particular, cumplan con el RGAA (Referencial General para la Mejora de la Accesibilidad).<\/p>\n\n\n\n<p>El plan plurianual de accesibilidad del sitio web tropicaplanet.com se public\u00f3 el 10 de febrero de 2026 y puede consultarse en esta direcci\u00f3n: Plan plurianual<\/p>\n\n\n\n<h2 class=\"wp-block-heading\"><strong>Plan anual<\/strong><\/h2>\n\n\n\n<p>El plan plurianual debe ir acompa\u00f1ado de un plan de acci\u00f3n anual que detalle las operaciones programadas y ejecutadas para el a\u00f1o en curso, as\u00ed como el estado de seguimiento de dichas acciones.<\/p>\n\n\n\n<p>El presente documento es el plan anual de 2026 asociado al plan plurianual de 2026.<\/p>\n\n\n\n<p>Incluye un cuadro resumen de las acciones que se han llevado a cabo o se llevar\u00e1n a cabo en 2026, su fecha de vencimiento, si se conoce, as\u00ed como su estado de avance y de ejecuci\u00f3n.<\/p>\n\n\n\n<h2 class=\"wp-block-heading\"><strong>Plan anual 2026<\/strong><\/h2>\n\n\n\n<h3 class=\"wp-block-heading\"><strong>Operaciones diversas<\/strong><\/h3>\n\n\n\n<figure class=\"wp-block-table\"><table class=\"has-fixed-layout\"><tbody><tr><td class=\"has-text-align-center\" data-align=\"center\"><strong>Tipo<\/strong><\/td><td class=\"has-text-align-center\" data-align=\"center\"><strong>Acci\u00f3n<\/strong><\/td><td class=\"has-text-align-center\" data-align=\"center\"><strong>Detalles<\/strong><\/td><td class=\"has-text-align-center\" data-align=\"center\"><strong>Aplicaci\u00f3n<\/strong><\/td><td class=\"has-text-align-center\" data-align=\"center\"><strong>Realizado<\/strong><\/td><\/tr><tr><td class=\"has-text-align-center\" data-align=\"center\">Auditor\u00edas<\/td><td class=\"has-text-align-center\" data-align=\"center\">Auditor\u00eda y publicaci\u00f3n de <br>la declaraci\u00f3n <br>de accesibilidad<\/td><td class=\"has-text-align-center\" data-align=\"center\">Auditor\u00eda <br>del sitio web tropicaplanet.com<\/td><td class=\"has-text-align-center\" data-align=\"center\">Marzo de 2026<\/td><td class=\"has-text-align-center\" data-align=\"center\">Realizado<\/td><\/tr><tr><td class=\"has-text-align-center\" data-align=\"center\">Plan plurianual<\/td><td class=\"has-text-align-center\" data-align=\"center\">Puesta en marcha<\/td><td class=\"has-text-align-center\" data-align=\"center\">Estudio y puesta en marcha<\/td><td class=\"has-text-align-center\" data-align=\"center\">Marzo de 2026<\/td><td class=\"has-text-align-center\" data-align=\"center\">Realizado<\/td><\/tr><tr><td class=\"has-text-align-center\" data-align=\"center\">Plan anual<\/td><td class=\"has-text-align-center\" data-align=\"center\">Puesta en marcha<\/td><td class=\"has-text-align-center\" data-align=\"center\">Estudio y puesta en marcha<\/td><td class=\"has-text-align-center\" data-align=\"center\">Marzo de 2026<\/td><td class=\"has-text-align-center\" data-align=\"center\">Realizado<\/td><\/tr><tr><td class=\"has-text-align-center\" data-align=\"center\">Optimizaci\u00f3n<\/td><td class=\"has-text-align-center\" data-align=\"center\">Mejora de la accesibilidad<\/td><td class=\"has-text-align-center\" data-align=\"center\">Correcci\u00f3n de<br> los puntos de incumplimiento detectados <br>en la auditor\u00eda<\/td><td class=\"has-text-align-center\" data-align=\"center\">A lo largo<br>de 2026<\/td><td class=\"has-text-align-center\" data-align=\"center\">En curso<\/td><\/tr><\/tbody><\/table><\/figure>\n\n\n\n<h3 class=\"wp-block-heading\"><strong>Auditor\u00edas RGAA o de conformidad con la RGAA<\/strong><\/h3>\n\n\n\n<p>Se trata de auditor\u00edas RGAA realizadas en las fases de correcci\u00f3n, dise\u00f1o, acompa\u00f1amiento o certificaci\u00f3n:<\/p>\n\n\n\n<p>\u2022&nbsp;&nbsp;&nbsp; Las auditor\u00edas RGAA se utilizan en las fases de correcci\u00f3n y acompa\u00f1amiento.<\/p>\n\n\n\n<p>\u2022&nbsp;&nbsp;&nbsp; Las auditor\u00edas de conformidad con la RGAA se utilizan en las fases de certificaci\u00f3n y dan lugar a una declaraci\u00f3n de conformidad.<\/p>\n\n\n\n<h4 class=\"wp-block-heading\"><strong>Sitio web<\/strong><\/h4>\n\n\n\n<figure class=\"wp-block-table\"><table class=\"has-fixed-layout\"><tbody><tr><td class=\"has-text-align-center\" data-align=\"center\"><strong>Tipo<\/strong><\/td><td class=\"has-text-align-center\" data-align=\"center\"><strong>Sitio web<\/strong><\/td><td class=\"has-text-align-center\" data-align=\"center\"><strong>URL<\/strong><\/td><td class=\"has-text-align-center\" data-align=\"center\"><strong>Aplicaci\u00f3n<\/strong><\/td><td class=\"has-text-align-center\" data-align=\"center\"><strong>Realizado<\/strong><\/td><td class=\"has-text-align-center\" data-align=\"center\"><strong>Auditor\u00eda p\u00fablica<\/strong><\/td><\/tr><tr><td class=\"has-text-align-center\" data-align=\"center\">Auditor\u00eda de cumplimiento<\/td><td class=\"has-text-align-center\" data-align=\"center\">tropicaplanet.<br>com<\/td><td class=\"has-text-align-center\" data-align=\"center\">tropicaplanet.<br>com<\/td><td class=\"has-text-align-center\" data-align=\"center\">2026<\/td><td class=\"has-text-align-center\" data-align=\"center\">Realizado<\/td><td class=\"has-text-align-center\" data-align=\"center\">Auditor\u00eda p\u00fablica<\/td><\/tr><\/tbody><\/table><\/figure>\n\n\n\n<p><\/p>\n","protected":false},"excerpt":{"rendered":"<p>El art\u00edculo 47 de la Ley n.\u00ba 2005-102, de 11 de febrero de 2005, relativa a la igualdad de derechos y oportunidades, la participaci\u00f3n y la ciudadan\u00eda de las personas, obliga a todos los servicios de comunicaci\u00f3n p\u00fablica en l\u00ednea a ser accesibles para todos. Plan plurianual La ley exige la publicaci\u00f3n de un plan [&hellip;]<\/p>\n","protected":false},"author":3,"featured_media":0,"parent":0,"menu_order":0,"comment_status":"closed","ping_status":"closed","template":"","meta":{"_acf_changed":false,"footnotes":""},"class_list":["post-5267","page","type-page","status-publish","hentry"],"acf":[],"_links":{"self":[{"href":"https:\/\/tropicaplanet.com\/es\/wp-json\/wp\/v2\/pages\/5267","targetHints":{"allow":["GET"]}}],"collection":[{"href":"https:\/\/tropicaplanet.com\/es\/wp-json\/wp\/v2\/pages"}],"about":[{"href":"https:\/\/tropicaplanet.com\/es\/wp-json\/wp\/v2\/types\/page"}],"author":[{"embeddable":true,"href":"https:\/\/tropicaplanet.com\/es\/wp-json\/wp\/v2\/users\/3"}],"replies":[{"embeddable":true,"href":"https:\/\/tropicaplanet.com\/es\/wp-json\/wp\/v2\/comments?post=5267"}],"version-history":[{"count":3,"href":"https:\/\/tropicaplanet.com\/es\/wp-json\/wp\/v2\/pages\/5267\/revisions"}],"predecessor-version":[{"id":5285,"href":"https:\/\/tropicaplanet.com\/es\/wp-json\/wp\/v2\/pages\/5267\/revisions\/5285"}],"wp:attachment":[{"href":"https:\/\/tropicaplanet.com\/es\/wp-json\/wp\/v2\/media?parent=5267"}],"curies":[{"name":"wp","href":"https:\/\/api.w.org\/{rel}","templated":true}]}}