{"id":5263,"date":"2026-04-23T10:17:49","date_gmt":"2026-04-23T08:17:49","guid":{"rendered":"https:\/\/tropicaplanet.com\/?page_id=5263"},"modified":"2026-04-23T10:17:49","modified_gmt":"2026-04-23T08:17:49","slug":"declaracion-de-accesibilidad-del-sitio-web-tropicaplanet-com-segun-el-rgaa","status":"publish","type":"page","link":"https:\/\/tropicaplanet.com\/es\/declaracion-de-accesibilidad-del-sitio-web-tropicaplanet-com-segun-el-rgaa\/","title":{"rendered":"Declaraci\u00f3n de accesibilidad del sitio web tropicaplanet.com seg\u00fan el RGAA"},"content":{"rendered":"\n<p>Jardinova SARL se compromete a garantizar la accesibilidad de su sitio web de conformidad con el art\u00edculo 47 de la Ley n.\u00ba 2005-102, de 11 de febrero de 2005.<\/p>\n\n\n\n<p>Con este fin, aplica su plan plurianual y las siguientes medidas para el a\u00f1o 2026.<\/p>\n\n\n\n<h2 class=\"wp-block-heading\"><strong>Estado de conformidad<\/strong><\/h2>\n\n\n\n<p>El sitio web tropicaplanet.com cumple parcialmente con el Marco General de Mejora de la Accesibilidad (RGAA), versi\u00f3n 4.1. A continuaci\u00f3n se enumeran los incumplimientos y las posibles excepciones.<\/p>\n\n\n\n<h2 class=\"wp-block-heading\"><strong>Resultado de las pruebas<\/strong><\/h2>\n\n\n\n<p>La auditor\u00eda de conformidad realizada revela que:<\/p>\n\n\n\n<p>Se cumple el 65 % de los criterios del RGAA.<\/p>\n\n\n\n<h3 class=\"wp-block-heading\"><strong>Contenidos inaccesibles<\/strong><\/h3>\n\n\n\n<p>Los contenidos que se enumeran a continuaci\u00f3n no son accesibles por los siguientes motivos.<\/p>\n\n\n\n<h3 class=\"wp-block-heading\"><strong>Incumplimientos<\/strong><\/h3>\n\n\n\n<ul class=\"wp-block-list\">\n<li>Aqu\u00ed solo se enumeran los incumplimientos que se consideran m\u00e1s relevantes y que aparecen en gran n\u00famero en las p\u00e1ginas de la muestra. Si se solicita, se puede facilitar el informe completo de la auditor\u00eda.<\/li>\n\n\n\n<li>Algunas im\u00e1genes con informaci\u00f3n que no tienen alternativas o que no son pertinentes;<\/li>\n\n\n\n<li>Algunas im\u00e1genes decorativas con alternativas indicadas;<\/li>\n\n\n\n<li>Algunos pies de foto son incorrectos;<\/li>\n\n\n\n<li>Algunos recuadros en l\u00ednea tienen un t\u00edtulo que no es pertinente;<\/li>\n\n\n\n<li>Algunos textos o componentes de la interfaz no presentan un contraste suficiente con el fondo;<\/li>\n\n\n\n<li>Algunos v\u00eddeos carecen de audiodescripci\u00f3n, transcripci\u00f3n textual o subt\u00edtulos;<\/li>\n\n\n\n<li>Algunas etiquetas se utilizan \u00fanicamente con fines de presentaci\u00f3n;<\/li>\n\n\n\n<li>Algunas listas no est\u00e1n correctamente estructuradas;<\/li>\n\n\n\n<li>Algunos contenidos no presentan un orden coherente cuando se desactivan los estilos;<\/li>\n\n\n\n<li>Algunos contenidos dejan de ser visibles cuando se activa el zoom al 200 %;<\/li>\n\n\n\n<li>En ocasiones, el enfoque no funciona correctamente;<\/li>\n\n\n\n<li>Algunos campos del formulario carecen de etiquetas o estas est\u00e1n mal estructuradas;<\/li>\n\n\n\n<li>Algunos campos no est\u00e1n agrupados o las agrupaciones carecen de t\u00edtulo;<\/li>\n\n\n\n<li>Los valores de los campos no se deducen autom\u00e1ticamente de los datos del usuario;<\/li>\n\n\n\n<li>Algunas zonas de contenido no tienen la funci\u00f3n adecuada;<\/li>\n\n\n\n<li>Algunas p\u00e1ginas carecen de enlaces de acceso r\u00e1pido;<\/li>\n\n\n\n<li>El orden de tabulaci\u00f3n no siempre es pertinente;<\/li>\n\n\n\n<li>Excepciones para contenidos de terceros<\/li>\n<\/ul>\n\n\n\n<h2 class=\"wp-block-heading\"><strong>Fecha de elaboraci\u00f3n de esta declaraci\u00f3n de accesibilidad<\/strong><\/h2>\n\n\n\n<p>Esta declaraci\u00f3n se elabor\u00f3 el 3 de marzo de 2026.<\/p>\n\n\n\n<h2 class=\"wp-block-heading\"><strong>Tecnolog\u00edas utilizadas para la creaci\u00f3n del sitio web<\/strong><\/h2>\n\n\n\n<ul class=\"wp-block-list\">\n<li>PHP<\/li>\n<\/ul>\n\n\n\n<ul class=\"wp-block-list\">\n<li>HTML<\/li>\n<\/ul>\n\n\n\n<ul class=\"wp-block-list\">\n<li>CSS <\/li>\n<\/ul>\n\n\n\n<ul class=\"wp-block-list\">\n<li>JavaScript<\/li>\n<\/ul>\n\n\n\n<h3 class=\"wp-block-heading\"><strong>Agentes de usuario, tecnolog\u00edas de asistencia y herramientas utilizadas para verificar la accesibilidad<\/strong><\/h3>\n\n\n\n<p>Las comprobaciones de la presentaci\u00f3n de los contenidos se han realizado con las siguientes configuraciones:<\/p>\n\n\n\n<p>\u2022&nbsp;&nbsp;&nbsp; Firefox y VoiceOver<\/p>\n\n\n\n<h3 class=\"wp-block-heading\"><strong>Se han utilizado las siguientes herramientas de verificaci\u00f3n de c\u00f3digo para comprobar el cumplimiento de las pruebas del RGAA:<\/strong><\/h3>\n\n\n\n<ol class=\"wp-block-list\">\n<li>Extensi\u00f3n \u00abWeb Developer\u00bb;<\/li>\n\n\n\n<li>Extensi\u00f3n \u00abAssistant RGAA\u00bb;<\/li>\n\n\n\n<li>Extensi\u00f3n \u00abWCAG Contrast checker\u00bb;<\/li>\n\n\n\n<li>Extensi\u00f3n \u00abARC Toolkit\u00bb;<\/li>\n\n\n\n<li>Herramientas para desarrolladores integradas en el navegador Firefox;<\/li>\n\n\n\n<li>\u00a0\u00a0Validador HTML del W3C.<\/li>\n<\/ol>\n\n\n\n<p>P\u00e1ginas del sitio web que han sido objeto de la verificaci\u00f3n de conformidad:<\/p>\n\n\n\n<ul class=\"wp-block-list\">\n<li>P\u00e1gina de inicio<\/li>\n<\/ul>\n\n\n\n<ul class=\"wp-block-list\">\n<li> P\u00e1gina del club<\/li>\n<\/ul>\n\n\n\n<ul class=\"wp-block-list\">\n<li>Actividades<\/li>\n<\/ul>\n\n\n\n<ul class=\"wp-block-list\">\n<li>Nuestro concepto<\/li>\n<\/ul>\n\n\n\n<ul class=\"wp-block-list\">\n<li>Programa de fidelizaci\u00f3n<\/li>\n<\/ul>\n\n\n\n<p><\/p>\n","protected":false},"excerpt":{"rendered":"<p>Jardinova SARL se compromete a garantizar la accesibilidad de su sitio web de conformidad con el art\u00edculo 47 de la Ley n.\u00ba 2005-102, de 11 de febrero de 2005. Con este fin, aplica su plan plurianual y las siguientes medidas para el a\u00f1o 2026. Estado de conformidad El sitio web tropicaplanet.com cumple parcialmente con el [&hellip;]<\/p>\n","protected":false},"author":3,"featured_media":0,"parent":0,"menu_order":0,"comment_status":"closed","ping_status":"closed","template":"","meta":{"_acf_changed":false,"footnotes":""},"class_list":["post-5263","page","type-page","status-publish","hentry"],"acf":[],"_links":{"self":[{"href":"https:\/\/tropicaplanet.com\/es\/wp-json\/wp\/v2\/pages\/5263","targetHints":{"allow":["GET"]}}],"collection":[{"href":"https:\/\/tropicaplanet.com\/es\/wp-json\/wp\/v2\/pages"}],"about":[{"href":"https:\/\/tropicaplanet.com\/es\/wp-json\/wp\/v2\/types\/page"}],"author":[{"embeddable":true,"href":"https:\/\/tropicaplanet.com\/es\/wp-json\/wp\/v2\/users\/3"}],"replies":[{"embeddable":true,"href":"https:\/\/tropicaplanet.com\/es\/wp-json\/wp\/v2\/comments?post=5263"}],"version-history":[{"count":3,"href":"https:\/\/tropicaplanet.com\/es\/wp-json\/wp\/v2\/pages\/5263\/revisions"}],"predecessor-version":[{"id":5288,"href":"https:\/\/tropicaplanet.com\/es\/wp-json\/wp\/v2\/pages\/5263\/revisions\/5288"}],"wp:attachment":[{"href":"https:\/\/tropicaplanet.com\/es\/wp-json\/wp\/v2\/media?parent=5263"}],"curies":[{"name":"wp","href":"https:\/\/api.w.org\/{rel}","templated":true}]}}