{"id":5253,"date":"2026-04-23T10:06:14","date_gmt":"2026-04-23T08:06:14","guid":{"rendered":"https:\/\/tropicaplanet.com\/?page_id=5253"},"modified":"2026-04-23T10:06:14","modified_gmt":"2026-04-23T08:06:14","slug":"plan-plurianual-de-accesibilidad","status":"publish","type":"page","link":"https:\/\/tropicaplanet.com\/es\/plan-plurianual-de-accesibilidad\/","title":{"rendered":"Plan plurianual de accesibilidad"},"content":{"rendered":"\n<p><strong>El art\u00edculo 47 de la Ley n.\u00ba 2005-102, de 11 de febrero de 2005, relativa a la igualdad de derechos y oportunidades, la participaci\u00f3n y la ciudadan\u00eda de las personas, obliga a todos los servicios de comunicaci\u00f3n p\u00fablica en l\u00ednea a ser accesibles para todos.<\/strong><\/p>\n\n\n\n<h2 class=\"wp-block-heading\">Pol\u00edtica de accesibilidad<\/h2>\n\n\n\n<p>La accesibilidad digital es una prioridad fundamental en el desarrollo y la puesta a disposici\u00f3n de sitios web y aplicaciones, tanto para el p\u00fablico como para el personal interno de Jardinova SARL.<\/p>\n\n\n\n<p>Esta voluntad se plasma en la elaboraci\u00f3n de este plan plurianual de accesibilidad digital, acompa\u00f1ado de planes de acci\u00f3n anuales, con el objetivo de facilitar el cumplimiento de las normas del RGAA (Referencial General para la Mejora de la Accesibilidad) y la mejora progresiva de los sitios web y las aplicaciones en cuesti\u00f3n.<\/p>\n\n\n\n<h2 class=\"wp-block-heading\"><strong>Responsable de accesibilidad<\/strong><\/h2>\n\n\n\n<p>La elaboraci\u00f3n, el seguimiento y la actualizaci\u00f3n de este plan plurianual son responsabilidad del responsable de accesibilidad.<\/p>\n\n\n\n<p>Su misi\u00f3n consiste en promover la accesibilidad mediante la difusi\u00f3n de normas y buenas pr\u00e1cticas, apoyar a los equipos internos, en particular mediante acciones de formaci\u00f3n, y controlar y velar por la aplicaci\u00f3n de la Ley n.\u00ba 2005-102, de 11 de febrero de 2005, llevando a cabo, directamente o a trav\u00e9s de expertos especializados, a auditor\u00edas peri\u00f3dicas, y garantizar la atenci\u00f3n de las solicitudes de los usuarios con discapacidad.<\/p>\n\n\n\n<h2 class=\"wp-block-heading\"><strong>Organizaci\u00f3n de la incorporaci\u00f3n de la accesibilidad digital<\/strong><\/h2>\n\n\n\n<p>La incorporaci\u00f3n de la accesibilidad digital requiere una adaptaci\u00f3n de la organizaci\u00f3n interna de la producci\u00f3n y la gesti\u00f3n de los sitios web y las aplicaciones en cuesti\u00f3n, el apoyo al personal, una modificaci\u00f3n de los procedimientos de contrataci\u00f3n p\u00fablica y, por \u00faltimo, la atenci\u00f3n a las personas con discapacidad cuando se\u00f1alan dificultades.<\/p>\n\n\n\n<p>Los siguientes puntos describen los aspectos clave en los que se basar\u00e1 Jardinova SARL para mejorar la accesibilidad digital de todos sus sitios web y aplicaciones.<\/p>\n\n\n\n<h2 class=\"wp-block-heading\"><strong>Incorporaci\u00f3n de la accesibilidad digital en los proyectos<\/strong><\/h2>\n\n\n\n<p>Jardinova SARL integra la accesibilidad como un componente de los proyectos que se est\u00e1n desarrollando actualmente, en particular en las renovaciones de sitios web en curso. Los objetivos de accesibilidad y de cumplimiento de la RGAA se establecen y se recuerdan desde el inicio de los proyectos.<\/p>\n\n\n\n<p>Del mismo modo, estos objetivos y requisitos se recoger\u00e1n en los posibles convenios que se establezcan con nuestros operadores, concesionarios o socios.<\/p>\n\n\n\n<h2 class=\"wp-block-heading\">\u00c1mbito t\u00e9cnico y funcional<\/h2>\n\n\n\n<h3 class=\"wp-block-heading\"><strong>Evaluaci\u00f3n y calificaci\u00f3n<\/strong><\/h3>\n\n\n\n<p>Se han llevado a cabo, o se llevar\u00e1n a cabo, evaluaciones r\u00e1pidas de la accesibilidad en todos los sitios web y aplicaciones afectados, que servir\u00e1n de base para la elaboraci\u00f3n de las medidas de auditor\u00eda.<\/p>\n\n\n\n<p>Estas evaluaciones se centran en un peque\u00f1o n\u00famero de criterios seleccionados por su relevancia a la hora de evaluar la complejidad y la viabilidad de la adaptaci\u00f3n a las normas RGAA.<\/p>\n","protected":false},"excerpt":{"rendered":"<p>El art\u00edculo 47 de la Ley n.\u00ba 2005-102, de 11 de febrero de 2005, relativa a la igualdad de derechos y oportunidades, la participaci\u00f3n y la ciudadan\u00eda de las personas, obliga a todos los servicios de comunicaci\u00f3n p\u00fablica en l\u00ednea a ser accesibles para todos. Pol\u00edtica de accesibilidad La accesibilidad digital es una prioridad fundamental [&hellip;]<\/p>\n","protected":false},"author":3,"featured_media":0,"parent":0,"menu_order":0,"comment_status":"closed","ping_status":"closed","template":"","meta":{"_acf_changed":false,"footnotes":""},"class_list":["post-5253","page","type-page","status-publish","hentry"],"acf":[],"_links":{"self":[{"href":"https:\/\/tropicaplanet.com\/es\/wp-json\/wp\/v2\/pages\/5253","targetHints":{"allow":["GET"]}}],"collection":[{"href":"https:\/\/tropicaplanet.com\/es\/wp-json\/wp\/v2\/pages"}],"about":[{"href":"https:\/\/tropicaplanet.com\/es\/wp-json\/wp\/v2\/types\/page"}],"author":[{"embeddable":true,"href":"https:\/\/tropicaplanet.com\/es\/wp-json\/wp\/v2\/users\/3"}],"replies":[{"embeddable":true,"href":"https:\/\/tropicaplanet.com\/es\/wp-json\/wp\/v2\/comments?post=5253"}],"version-history":[{"count":5,"href":"https:\/\/tropicaplanet.com\/es\/wp-json\/wp\/v2\/pages\/5253\/revisions"}],"predecessor-version":[{"id":5283,"href":"https:\/\/tropicaplanet.com\/es\/wp-json\/wp\/v2\/pages\/5253\/revisions\/5283"}],"wp:attachment":[{"href":"https:\/\/tropicaplanet.com\/es\/wp-json\/wp\/v2\/media?parent=5253"}],"curies":[{"name":"wp","href":"https:\/\/api.w.org\/{rel}","templated":true}]}}